{"id":2414,"date":"2019-05-15T20:28:34","date_gmt":"2019-05-15T18:28:34","guid":{"rendered":"http:\/\/www.paleurafrica.be\/?page_id=2414"},"modified":"2019-10-11T07:45:09","modified_gmt":"2019-10-11T05:45:09","slug":"paleurafrica-congress-test","status":"publish","type":"page","link":"https:\/\/www.paleurafrica.be\/?page_id=2414","title":{"rendered":"<span data-icon=\"\ue071\"><\/span> Congress circular 2"},"content":{"rendered":"<h2 align=\"center\"><span style=\"font-family: arial; font-size: xx-large;\"><span style=\"color: #000000;\">International Congress <b>September 10\u201013, 2019<\/b><\/span><br \/>\n<span style=\"color: #000000;\">Royal Belgian Institute of Natural Sciences, <b>Brussels, Belgium<\/b><\/span><\/span><\/h2>\n<div style=\"text-align: center;\"><span style=\"color: #0000FF; font-size: 18pt;\"><b>June 15, 2019: Deadline for abstract submission<\/span><\/div>\n<p>&nbsp;<\/p>\n<table>\n<tbody>\n<tr>\n<td>\n<br \/>\n<a class=\"titre\" href=\"http:\/\/www.paleurafrica.be\/wp-content\/uploads\/2019\/05\/PalEurAfrica2019-congress-2nd-Circular-small.pdf\"><span style=\"color: #0000FF;\"><b>Second Circular (.pdf)<\/b><\/span><\/a><br \/>&nbsp;<br \/>\n<a class=\"titre\" href=\"http:\/\/www.paleurafrica.be\/wp-content\/uploads\/2019\/05\/PalEurAfrica2019-congress-Registration-Form.pdf\"><span style=\"color: #0000FF;\"><b>Registration form (.pdf)<\/b><\/span><\/a><br \/>&nbsp;<br \/>\n<a class=\"titre\" href=\"http:\/\/www.paleurafrica.be\/wp-content\/uploads\/2019\/05\/PalEurAfrica2019-congress-Abstract-Template.docx\"><span style=\"color: #0000FF;\"><b>Abstract Template (.docx)<\/b><\/span><\/a><br \/>&nbsp;\n<\/td>\n<td rowspan=\"3\">\n<div style=\"text-align: center;\"><img src=\"http:\/\/www.paleurafrica.be\/wp-content\/uploads\/2019\/02\/Logo-PalEurAfrica.jpg\" width=\"400\" \/><\/div>\n<h2 align=\"center\"><span style=\"color: black;\"><i>International symposium<\/i><\/span><\/h2>\n<p align=\"center\"><span style=\"color: #008000; font-size: 3em; font-weight: bold;\">Evolution and Paleoenvironment<\/span><\/p>\n<p align=\"center\"><span style=\"color: #008000; font-size: 3em; font-weight: bold;\">of Early Modern Vertebrates<\/span><\/p>\n<p align=\"center\"><span style=\"color: #008000; font-size: 3em; font-weight: bold;\">during the Paleogene<\/span><\/p>\n<\/td>\n<\/tr>\n<tr>\n<td width=\"350\" height=\"490\"><a class=\"titre\" href=\"#Ancre1\"><b>Host committee<\/b><\/a><br \/>\n&nbsp;<br \/>\n<a class=\"titre\" href=\"#Ancre2\"><b>Scientific committee<\/b><\/a><br \/>\n&nbsp;<br \/>\n<a class=\"titre\" href=\"#Ancre3\"><b>Welcome to the RBINS \u2013 Brussels<\/b><\/a><br \/>\n&nbsp;<br \/>\n<a class=\"titre\" href=\"#Ancre4\"><b>Preliminary Scientific Program<\/b><\/a><br \/>\n&nbsp;<br \/>\n<a  class=\"titre\" href=\"#Ancre5\"><b>Keynote lectures<\/b><\/a><br \/>\n&nbsp;<br \/>\n<a  class=\"titre\" href=\"#Ancre13\"><b>Instructions for abstract submission<\/b><\/a><br \/>\n&nbsp;<br \/>\n<a class=\"titre\" href=\"#Ancre6\"><b>Presentations<\/b><\/a><br \/>\n&nbsp;<br \/>\n<a class=\"titre\" href=\"#Ancre8\"><b>Registration fees<\/b><\/a><br \/>\n&nbsp;<br \/>\n<a class=\"titre\" href=\"#Ancre14\"><b>Publication of a thematic volume in <em>Geobios<\/em><\/b><\/a><br \/>\n&nbsp;<br \/>\n<a class=\"titre\" href=\"#Ancre9\"><b>Social Program<\/b><\/a><br \/>\n&nbsp;<br \/>\n<a class=\"titre\" href=\"#Ancre10\"><b>Field Trip<\/b><\/a><br \/>\n&nbsp;<br \/>\n<a class=\"titre\" href=\"#Ancre11\"><b>Collections<\/b><\/a><br \/>\n&nbsp;<br \/>\n<a class=\"titre\" href=\"#Ancre7\"><b>Hotel and accommodation<\/b><\/a><br \/>\n&nbsp;<br \/>\n<a class=\"titre\" href=\"#Ancre12\"><b>Important dates<\/b><\/a><\/td>\n<\/tr>\n<tr>\n<td>\n<br \/>\n<a class=\"titre\" href=\"http:\/\/www.paleurafrica.be\/?page_id=2004\"><b>How to reach the RBINS ?<\/b><\/a>\n<\/td>\n<\/tr>\n<\/tbody>\n<\/table>\n<h2 align=\"center\"><span style=\"color: #000000;\">PalEurAfrica Meeting 2019<\/span><\/h2>\n<table cellpadding=\"5\">\n<tbody>\n<tr>\n<td width=\"300\"><img src=\"http:\/\/www.paleurafrica.be\/wp-content\/uploads\/2019\/02\/Photo-Gregg-Gunnell.jpg\" \/><\/td>\n<td>\n<p align=\"justify\"><span style=\"color: black; font-size: 14pt;\">In the framework of the PalEurAfrica network research project (see <a href=\"http:\/\/www.paleurafrica.be\"><b>http:\/\/www.paleurafrica.be<\/b><\/a>), we are happy to invite you to the Royal Belgian Institute of Natural Sciences (RBINS) for an international symposium on the evolution and paleoenvironment of early modern vertebrates. This symposium will gather specialists who work on macro- and micropaleontology, bio- and isotope stratigraphy, paleoenvironment, paleogeography, and geology of Paleogene vertebrate bearing sites.<\/span><\/p>\n<p>&nbsp;<\/p>\n<p align=\"justify\"><span style=\"color: black; font-size: 14pt;\">This international meeting will also celebrate the memory of one of our PalEurAfrica partners, Gregg Gunnell (1954 &#8211; 2017), who died tragically and unexpectedly in the middle of his career, having made significant contributions to our understanding of Paleogene vertebrate evolutionary history.<\/span><\/p>\n<\/td>\n<\/tr>\n<\/tbody>\n<\/table>\n<p><a name=\"Ancre1\"><\/a><br \/>\n&nbsp;<\/p>\n<div style=\"text-align: center;\"><span style=\"color: black; font-size: 22pt;\">Host committee<\/span><\/div>\n<p><span style=\"color: black; font-size: 14pt;\"><br \/>\n<b>Thierry Smith (Chair) \u2013 <\/b>Royal Belgian Institute of Natural Sciences, Brussels, Belgium<br \/>\n<b>Thierry De Putter \u2013 <\/b>Royal Museum for Central Africa, Tervuren, Belgium<br \/>\n<b>Stephen Louwye \u2013 <\/b>Universiteit Gent, Gent, Belgium<br \/>\n<b>Johan Yans \u2013 <\/b>Universit\u00e9 de Namur, Namur, Belgium<br \/>\n<b>Matthew Borths \u2013 <\/b>Duke University Lemur Center, Durham, NC, USA<br \/>\n<b>Nancy Stevens \u2013 <\/b>Ohio University, Athens, OH, USA<br \/>\n<\/span><\/p>\n<p><a name=\"Ancre2\"><\/a><br \/>\n&nbsp;<\/p>\n<div style=\"text-align: center;\"><span style=\"color: black; font-size: 22pt;\">Scientific committee<\/span><\/div>\n<p><span style=\"color: black; font-size: 14pt;\"><br \/>\n<b>Massimo Delfino \u2013 <\/b>Universit\u00e0 di Torino, Torino, Italy<br \/>\n<b>Gilles Escarguel \u2013 <\/b>Universit\u00e9 de Lyon, Lyon, France<br \/>\n<b>Annelise Folie \u2013 <\/b>Royal Belgian Institute of Natural Sciences, Brussels, Belgium<br \/>\n<b>Emmanuel Gheerbrant \u2013 <\/b>Museum national d\u2019Histoire Naturelle, Paris, France<br \/>\n<b>Jason Head \u2013 <\/b>University of Cambridge, Cambridge, UK<br \/>\n<b>Gerald Mayr \u2013 <\/b>Senckenberg Forschungsinstitut und Naturmuseum, Frankfurt, Germany<br \/>\n<b>Florias Mees \u2013 <\/b>Royal Museum for Central Africa, Tervuren, Belgium<br \/>\n<b>Ellen R. Miller \u2013 <\/b>Wake Forest University, Winston-Salem, NC, USA<br \/>\n<b>Ad\u00e1n P\u00e9rez-Garc\u00eda \u2013 <\/b>Universidad Nacional de Educaci\u00f3n a Distancia, Madrid, Spain<br \/>\n<b>Rajendra Singh Rana \u2013 <\/b>H.N.B. Garhwal University, Srinagar, Uttarakhand, India<br \/>\n<b>Hesham M. Sallam \u2013 <\/b>Mansoura University, Mansoura, Egypt<br \/>\n<b>Flor\u00e9al Sol\u00e9 \u2013 <\/b>Royal Belgian Institute of Natural Sciences, Brussels, Belgium<br \/>\n<b>Robert Speijer \u2013 <\/b>Universiteit Leuven, Leuven, Belgium<br \/>\n<b>Rodolphe Tabuce \u2013 <\/b>Universit\u00e9 de Montpellier, Montpellier, France<br \/>\n<\/span><\/p>\n<p><a name=\"Ancre3\"><\/a><br \/>\n&nbsp;<\/p>\n<p align=\"center\"><span style=\"color: black; font-size: 22pt;\">Welcome to the RBINS \u2013 Brussels<\/span><\/p>\n<table cellpadding=\"5\">\n<tbody>\n<tr>\n<td width=\"500\"><img src=\"http:\/\/www.paleurafrica.be\/wp-content\/uploads\/2019\/02\/Photo-RBINS.jpg\" \/><\/td>\n<td>\n<p align=\"justify\"><span style=\"color: black; font-size: 14pt;\">The meeting will take place in the conference rooms of the Royal Belgian Institute of Natural Sciences, located in the center of the city of Brussels next to the European parliament. (<a href=\"http:\/\/www.naturalsciences.be\"><b>http:\/\/www.naturalsciences.be<\/b><\/a>).<\/span><\/p>\n<p>&nbsp;<\/p>\n<p align=\"justify\"><span style=\"color: black; font-size: 14pt;\">Please find more information about how to reach the RBINS <a href=\"http:\/\/www.paleurafrica.be\/?page_id=2004\"><b>here<\/b><\/a>.<\/span><\/p>\n<\/td>\n<\/tr>\n<\/tbody>\n<\/table>\n<p><a name=\"Ancre4\"><\/a><br \/>\n&nbsp;<\/p>\n<p align=\"center\"><span style=\"color: black; font-size: 22pt;\">Preliminary Scientific Program<\/span><\/p>\n<table cellpadding=\"5\">\n<tbody>\n<tr>\n<td width=\"500\"><img src=\"http:\/\/www.paleurafrica.be\/wp-content\/uploads\/2019\/02\/Photo-auditorium-RBINS-small.jpg\" \/><\/td>\n<td>\n<p align=\"justify\"><span style=\"color: black; font-size: 14pt;\">As we are united by a common scientific interest &#8211; Paleogene vertebrates and their environments &#8211; talks shall be presented unopposed in a single venue, the main auditorium (150 seats) of the RBINS.<\/span><\/p>\n<\/td>\n<\/tr>\n<\/tbody>\n<\/table>\n<h3><span style=\"color: #008000;\">Theme 1: Paleogene vertebrate morphology<\/span><\/h3>\n<p><span style=\"color: black; font-size: 14pt;\"><b>Topic 1.<\/b> Systematics and Phylogenetics<\/span><br \/>\n<span style=\"color: black; font-size: 14pt;\"><b>Topic 2.<\/b> Functional anatomy and Ecomorphology<\/span><\/p>\n<h3><span style=\"color: #008000;\">Theme 2: Stratigraphy<\/span><\/h3>\n<p><span style=\"color: black; font-size: 14pt;\"><b>Topic 3.<\/b> Biostratigraphy: mammals, palynomorphs, foraminiferans, nannofossils, charophytes\u2026<\/span><br \/>\n<span style=\"color: black; font-size: 14pt;\"><b>Topic 4.<\/b> Isotope stratigraphy<\/span><\/p>\n<h3><span style=\"color: #008000;\">Theme 3: Paleoenvironment and Paleobiogeography<\/span><\/h3>\n<p><span style=\"color: black; font-size: 14pt;\"><b>Topic 5.<\/b> Abiotic variables in vertebrate evolution: Geology, Tectonics and Climate<\/span><br \/>\n<span style=\"color: black; font-size: 14pt;\"><b>Topic 6.<\/b> Biotic variables in vertebrate evolution: Floral change, Faunal change, and Dispersal<\/span><\/p>\n<p><a name=\"Ancre5\"><\/a><br \/>\n&nbsp;<\/p>\n<p align=\"center\"><span style=\"color: black; font-size: 22pt;\">Keynote lectures<\/span><\/p>\n<table cellpadding=\"5\">\n<tbody>\n<tr>\n<td width=\"300\"><img src=\"http:\/\/www.paleurafrica.be\/wp-content\/uploads\/2019\/05\/Hesham-Sallam.jpg\" \/><\/td>\n<td>\n<p align=\"justify\"><span style=\"color: black; font-size: 14pt;\">At least three invited speakers will be scheduled for plenary sessions. Prof. Dr. Hesham M. Sallam from Mansoura University Vertebrate Paleontology Center is scheduled for a conference on recent results from research into the Paleogene vertebrate faunas of the Fayum depression, Egypt.<\/span><\/p>\n<\/td>\n<\/tr>\n<\/tbody>\n<\/table>\n<p><a name=\"Ancre13\"><\/a><br \/>\n&nbsp;<\/p>\n<p align=\"center\"><span style=\"color: black; font-size: 22pt;\">Instruction for abstract submission<\/span><\/p>\n<p align=\"justify\"><span style=\"color: black; font-size: 14pt;\"><br \/>\nThe template for your abstract is available <a href=\"http:\/\/www.paleurafrica.be\/wp-content\/uploads\/2019\/05\/PalEurAfrica2019-congress-Abstract-Template.docx\"><b>here<\/b><\/a>. Your abstracts must be sent before the submission deadline as an Email attachment to <a href=\"mailto:paleurafrica2019@naturalsciences.be\"><b>paleurafrica2019@naturalsciences.be<\/b><\/a>, together with your registration form.<\/span><\/p>\n<p><a name=\"Ancre6\"><\/a><br \/>\n&nbsp;<\/p>\n<p align=\"center\"><span style=\"color: black; font-size: 22pt;\">Presentations<\/span><\/p>\n<p align=\"justify\"><span style=\"color: black; font-size: 14pt;\"><br \/>\nAll of the accepted abstracts will be compiled and edited in pdf format. The electronic version of these abstracts and the final program will be available on this website from August 31th. Oral and poster presentations will be scheduled in the final program. Oral presentations will be of 15 min or 20 min depending of the number of participants.<\/span><\/p>\n<p><a name=\"Ancre8\"><\/a><br \/>\n&nbsp;<\/p>\n<p align=\"center\"><span style=\"color: black; font-size: 22pt;\">Registration fees<\/span><\/p>\n<p align=\"justify\"><span style=\"color: black; font-size: 14pt;\"><br \/>\nThe registration fees are expressly low to encourage participation in the congress, particularly for young scientists who wish to integrate into the community of Paleogene paleontologists and geologists. Registration fees cover costs of the abstract volume, ice breaker party, coffee breaks, and guided tours. Registration and payment mode will be detailed in the second circular.<\/span><\/p>\n<p><span style=\"color: black; font-size: 14pt;\"><b>Student: <\/b>30 EUR (on or before July 31 2019), 40 EUR (on or before August 31 2019)<\/span><br \/>\n<span style=\"color: black; font-size: 14pt;\"><b>Regular: <\/b>50 EUR (on or before July 31 2019), 70 EUR (on or before August 31 2019)<\/span><br \/>\n<span style=\"color: black; font-size: 14pt;\"><br \/>\nPayment via bank transfer to the RBINS account (preferred) or in cash at the meeting.<br \/>\nBank: <b>Bpost<\/b><br \/>\nName: <b>IRSNB<\/b><br \/>\nIBAN: <b>BE09 6792 0058 2357<\/b><br \/>\nBIC\/SWIFT: <b>PCHQBEBB<\/b><br \/>\nCommunication\/Message: <b>Your name + Paleurafrica2019<\/b><br \/>\n<\/span><\/p>\n<p><a name=\"Ancre14\"><\/a><br \/>\n&nbsp;<\/p>\n<p align=\"center\"><span style=\"color: black; font-size: 22pt;\">Publication of a thematic volume in <em>Geobios<\/em><\/span><\/p>\n<table cellpadding=\"5\">\n<tbody>\n<tr>\n<td>\n<p align=\"justify\"><span style=\"color: black; font-size: 14pt;\">The Chief Editor of the international journal Geobios, Dr. Gilles Escarguel, offered us the opportunity to publish papers dedicated to the general theme of the PalEurAfrica congress in a thematic volume (i.e., part of the regular series of the journal). There are no fees if the rules are respected. Eight to twelve papers are needed to edit the volume. The submission deadline is set at December 31, 2019. After a complete review the volume is estimated for printing Autumn 2020.<\/span><\/p>\n<p align=\"justify\"><span style=\"color: black; font-size: 14pt;\">Authors instructions are available on:<br \/>\n<a href=\"www.journals.elsevier.com\/geobios\"><b>www.journals.elsevier.com\/geobios<\/b><\/a>.<br \/>\n<\/span><\/p>\n<\/td>\n<td width=\"300\"><img src=\"http:\/\/www.paleurafrica.be\/wp-content\/uploads\/2019\/05\/Cover-Geobios.jpg\" \/><\/td>\n<\/tr>\n<\/tbody>\n<\/table>\n<p><a name=\"Ancre9\"><\/a><br \/>\n&nbsp;<\/p>\n<p align=\"center\"><span style=\"color: black; font-size: 22pt;\">Social Program<\/span><\/p>\n<table cellpadding=\"5\">\n<tbody>\n<tr>\n<td>\n<p align=\"justify\"><span style=\"color: black; font-size: 14pt;\">An <b>icebreaker party<\/b> will take place on the evening of September 10th 2019 in the Royal Belgian Institute of Natural Sciences.<\/span><\/p>\n<p align=\"justify\"><span style=\"color: black; font-size: 14pt;\">A <b>congress dinner<\/b> will be organized, for which the price should be limited to 35 EUR.<\/span><\/p>\n<p align=\"justify\"><span style=\"color: black; font-size: 14pt;\">A <b>guided tour<\/b> of the RBINS exhibitions will be organized during the meeting.<\/span><\/p>\n<\/td>\n<td width=\"500\"><img src=\"http:\/\/www.paleurafrica.be\/wp-content\/uploads\/2019\/02\/Photo-Eocene-panorama.jpg\" \/><\/td>\n<\/tr>\n<tr>\n<td width=\"500\"><img src=\"http:\/\/www.paleurafrica.be\/wp-content\/uploads\/2019\/02\/Photo-RMCA-crop-small.jpg\" \/><\/td>\n<td>\n<p align=\"justify\"><span style=\"color: black; font-size: 14pt;\">A <b>second visit<\/b> of exhibitions will be organized at the renovated Royal Museum for Central Africa (Tervuren), which is only at 14 km from RBINS.<\/span><\/p>\n<\/td>\n<\/tr>\n<\/tbody>\n<\/table>\n<p><a name=\"Ancre10\"><\/a><br \/>\n&nbsp;<\/p>\n<p align=\"center\"><span style=\"color: black; font-size: 22pt;\">Field Trip<\/span><\/p>\n<table cellpadding=\"5\">\n<tbody>\n<tr>\n<td>\n<p align=\"justify\"><span style=\"color: black; font-size: 14pt;\">Richard Smith &#038; Thierry Smith (Leaders) \u2013 Royal Belgian Institute of Natural Sciences, Brussels, Belgium.<\/span><\/p>\n<p align=\"justify\"><span style=\"color: black; font-size: 14pt;\">Ninety five percent of the persons who returned the completed pre-registration form marked their intention to attend the field trip. Therefore, after requesting permission for access, we are happy to announce that we will visit the vertebrate localities of Maret (middle Paleocene, MP1-5), Dormaal (earliest Eocene, MP7), and Hoogbutsel-Boutersem (early Oligocene, MP21) in eastern Belgium.<br \/>\n<\/span><\/p>\n<\/td>\n<td width=\"500\"><img src=\"http:\/\/www.paleurafrica.be\/wp-content\/uploads\/2019\/05\/Boutersem-13.jpg\" \/><\/td>\n<\/tr>\n<tr>\n<td>\n<\/td>\n<td>\n<p align=\"justify\"><span style=\"color: black; font-size: 12pt;\">Outcrop section at Boutersem-TGV in the early Oligocene Boutersem Sand Member of the Borgloon Formation (MP-21).<\/span><\/p>\n<p><\/span><\/p>\n<\/td>\n<\/tr>\n<tr>\n<td width=\"500\"><img src=\"http:\/\/www.paleurafrica.be\/wp-content\/uploads\/2019\/05\/Maret-small.jpg\">\n<\/td>\n<td width=\"500\"><img src=\"http:\/\/www.paleurafrica.be\/wp-content\/uploads\/2019\/05\/Dormaal.jpg\">\n<\/td>\n<\/tr>\n<tr>\n<td>\n<p align=\"justify\"><span style=\"color: black; font-size: 12pt;\">Outcrop section at Maret with the marls of Gelinden sandwiched between the middle Paleocene Heers Formation (MP1-5) and the late Paleocene Hannut Formation.<\/span><\/p>\n<p><\/span><\/p>\n<\/td>\n<td>\n<p align=\"justify\"><span style=\"color: black; font-size: 12pt;\">The sunken path of Dormaal along which the fluvial deposits of the earliest Eocene Tienen Formation are exposed (MP7).<\/span><\/p>\n<p><\/span><\/p>\n<\/td>\n<\/tr>\n<\/tbody>\n<\/table>\n<p><a name=\"Ancre11\"><\/a><br \/>\n&nbsp;<\/p>\n<p align=\"center\"><span style=\"color: black; font-size: 22pt;\">Collections<\/span><\/p>\n<table cellpadding=\"5\">\n<tbody>\n<tr>\n<td>\n<p align=\"justify\"><span style=\"color: black; font-size: 14pt;\">Annelise Folie (Curator of paleontology collections) \u2013 Royal Belgian Institute of Natural Sciences, Brussels, Belgium.<\/span><\/p>\n<p align=\"justify\"><span style=\"color: black; font-size: 14pt;\">Of the 38 million specimens housed at RBINS three millions are in the paleontology division (<a href=\"http:\/\/collections.naturalsciences.be\"><b>http:\/\/collections.naturalsciences.be\/<\/b><\/a>). Among these are famous Paleogene collections, such as the mammals of Hainin and Dormaal (European MP reference levels), the Thanetian champsosaurs of Erquelinnes, the Ypresian crocodiles, turtles, and birds, Casier\u2019s Lutetian sharks, and Leriche\u2019s Rupelian fishes. For access to collections, please contact <a href=\"mailto:afolie@naturalsciences.be\"><b>annelise.folie@naturalsciences.be<\/b><\/a>.<\/span><\/p>\n<\/td>\n<td width=\"500\"><img src=\"http:\/\/www.paleurafrica.be\/wp-content\/uploads\/2019\/05\/Champsosaure.jpg\" \/><\/td>\n<\/tr>\n<tr>\n<td>\n<\/td>\n<td>\n<p align=\"justify\"><span style=\"color: black; font-size: 12pt;\">Skeleton of <em>Champsosaurus dolloi<\/em> Sigogneau-Russell, 1979 from the latest Paleocene (Thanetian) of Erquelinnes.<\/span><\/p>\n<p><\/span><\/p>\n<\/td>\n<\/tr>\n<\/tbody>\n<\/table>\n<table cellpadding=\"5\">\n<tbody>\n<tr>\n<td width=\"250\"><img src=\"http:\/\/www.paleurafrica.be\/wp-content\/uploads\/2019\/05\/Feuille-Quercus-Gelinden-cropped.jpg\">\n<\/td>\n<td width=\"300\"><img src=\"http:\/\/www.paleurafrica.be\/wp-content\/uploads\/2019\/05\/Teilhardina-belgica-lectotype-IRSNB-M64-small.jpg\">\n<\/td>\n<td align=\"right\"; valign=\"bottom\"; width=\"300\";><img src=\"http:\/\/www.paleurafrica.be\/wp-content\/uploads\/2019\/05\/poisson-Belgocaranx.jpg\">\n<\/td>\n<\/tr>\n<tr>\n<td>\n<p align=\"justify\"><span style=\"color: black; font-size: 12pt;\">Leaf imprint of <em>Quercus loozi<\/em> Saporta and Marion, 1877 from the middle Paleocene (Selandian) Heers Formation of Gelinden.<\/span><\/p>\n<p><\/span><\/p>\n<\/td>\n<td>\n<p align=\"justify\"><span style=\"color: black; font-size: 12pt;\">Lectotype dentary of primate <em>Teilhardina belgica<\/em> (Teilhard de Chardin, 1927) from the earliest Eocene (Ypresian) of Dormaal.<\/span><\/p>\n<p><\/span><\/p>\n<\/td>\n<td>\n<p align=\"justify\"><span style=\"color: black; font-size: 12pt;\">Skull of carangid fish <em>Belgocaranx luypaertsi<\/em> Taverne et al, 2006 from the early Oligocene (Rupelian) of the Boom Clay.<\/span><\/p>\n<p><\/span><\/p>\n<\/td>\n<\/tbody>\n<\/table>\n<p><a name=\"Ancre7\"><\/a><br \/>\n&nbsp;<\/p>\n<p align=\"center\"><span style=\"color: black; font-size: 22pt;\">Hotel and accommodation<\/span><\/p>\n<p align=\"justify\"><span style=\"color: black; font-size: 14pt;\"><br \/>\nHotel reservations shall be arranged by the participants by contacting and booking directly. Brussels has many possibilities of accommodation, including hotels of different categories, youth hostel and campsites (<a href=\"http:\/\/www.paleurafrica.be\/?page_id=1971\"><b>Hotels list<\/b><\/a>).<\/span><\/p>\n<p><a name=\"Ancre12\"><\/a><br \/>\n&nbsp;<\/p>\n<p align=\"center\"><span style=\"color: black; font-size: 22pt;\">Important dates<\/span><\/p>\n<table>\n<tbody>\n<tr>\n<td width=\"240\"><span style=\"color: black; font-size: 14pt;\"><b>June 15, 2019<\/b><\/span><\/td>\n<td><span style=\"color: black; font-size: 14pt;\">Deadline for abstract submission<\/span><\/td>\n<\/tr>\n<tr>\n<td><span style=\"color: black; font-size: 14pt;\"><b>June 30, 2019<\/b><\/span><\/td>\n<td><span style=\"color: black; font-size: 14pt;\">Evaluation of abstracts and e-mail of acceptance<\/span><\/td>\n<\/tr>\n<tr>\n<td><span style=\"color: black; font-size: 14pt;\"><b>July 31, 2019<\/b><\/span><\/td>\n<td><span style=\"color: black; font-size: 14pt;\">Deadline for early registration<\/span><\/td>\n<\/tr>\n<tr>\n<td><span style=\"color: black; font-size: 14pt;\"><b>August 31, 2019<\/b><\/span><\/td>\n<td><span style=\"color: black; font-size: 14pt;\">Deadline for late registration, Final program (3rd circular), including abstracts available on website<\/span><\/td>\n<\/tr>\n<tr>\n<td><span style=\"color: black; font-size: 14pt;\"><b>September 10-13, 2019<\/b><\/span><\/td>\n<td><span style=\"color: black; font-size: 14pt;\">PalEurAfrica meeting<\/span><\/td>\n<\/tr>\n<tr>\n<td><span style=\"color: black; font-size: 14pt;\"><b>Tuesday Sept. 10:<\/b><\/span><\/td>\n<td><span style=\"color: black; font-size: 14pt;\">Registration, Technical session, Guided tour RBINS, Icebreaker party<\/span><\/td>\n<\/tr>\n<tr>\n<td><span style=\"color: black; font-size: 14pt;\"><b>Wednesday Sept. 11: <\/b><\/span><\/td>\n<td><span style=\"color: black; font-size: 14pt;\">Technical session, Visit RMCA<\/span><\/td>\n<\/tr>\n<tr>\n<td><span style=\"color: black; font-size: 14pt;\"><b>Thursday Sept. 12:<\/b><\/span><\/td>\n<td><span style=\"color: black; font-size: 14pt;\">Technical session, Guided tour RBINS (additional?), Conference dinner<\/span><\/td>\n<\/tr>\n<tr>\n<td><span style=\"color: black; font-size: 14pt;\"><b>Friday Sept. 13:<\/b><\/span><\/td>\n<td><span style=\"color: black; font-size: 14pt;\">Fieldtrip in eastern Belgium<\/span><\/td>\n<\/tr>\n<\/tbody>\n<\/table>\n","protected":false},"excerpt":{"rendered":"<p>International Congress September 10\u201013, 2019 Royal Belgian Institute of Natural Sciences, Brussels, Belgium June 15, 2019: Deadline for abstract submission &nbsp; Second Circular (.pdf)&nbsp; Registration form (.pdf)&nbsp; Abstract Template (.docx)&nbsp; International symposium Evolution and Paleoenvironment of Early Modern Vertebrates during<\/p>\n","protected":false},"author":1,"featured_media":0,"parent":0,"menu_order":0,"comment_status":"closed","ping_status":"closed","template":"","meta":[],"_links":{"self":[{"href":"https:\/\/www.paleurafrica.be\/index.php?rest_route=\/wp\/v2\/pages\/2414"}],"collection":[{"href":"https:\/\/www.paleurafrica.be\/index.php?rest_route=\/wp\/v2\/pages"}],"about":[{"href":"https:\/\/www.paleurafrica.be\/index.php?rest_route=\/wp\/v2\/types\/page"}],"author":[{"embeddable":true,"href":"https:\/\/www.paleurafrica.be\/index.php?rest_route=\/wp\/v2\/users\/1"}],"replies":[{"embeddable":true,"href":"https:\/\/www.paleurafrica.be\/index.php?rest_route=%2Fwp%2Fv2%2Fcomments&post=2414"}],"version-history":[{"count":85,"href":"https:\/\/www.paleurafrica.be\/index.php?rest_route=\/wp\/v2\/pages\/2414\/revisions"}],"predecessor-version":[{"id":2745,"href":"https:\/\/www.paleurafrica.be\/index.php?rest_route=\/wp\/v2\/pages\/2414\/revisions\/2745"}],"wp:attachment":[{"href":"https:\/\/www.paleurafrica.be\/index.php?rest_route=%2Fwp%2Fv2%2Fmedia&parent=2414"}],"curies":[{"name":"wp","href":"https:\/\/api.w.org\/{rel}","templated":true}]}}